{"id":9027,"date":"2018-06-02T07:29:20","date_gmt":"2018-06-02T07:29:20","guid":{"rendered":"https:\/\/www.radanskaruza.rs\/o-nama\/"},"modified":"2021-02-27T20:13:24","modified_gmt":"2021-02-27T19:13:24","slug":"about-us","status":"publish","type":"page","link":"https:\/\/www.radanskaruza.rs\/en\/about-us\/","title":{"rendered":"About us"},"content":{"rendered":"<p>[vc_section full_width=&#8221;stretch_row&#8221; css=&#8221;.vc_custom_1527767850756{margin-top: 0px !important;margin-bottom: 0px !important;padding-top: 90px !important;padding-bottom: 75px !important;}&#8221;][vc_row][vc_column css=&#8221;.vc_custom_1527765435779{margin-top: 0px !important;margin-bottom: 0px !important;}&#8221;][vc_custom_heading text=&#8221;Na\u0161a misija je kvalitet a ne kvantitet&#8221; font_container=&#8221;tag:h3|font_size:40px|text_align:center|color:%230c121f|line_height:50px&#8221; use_theme_fonts=&#8221;yes&#8221; css=&#8221;.vc_custom_1613477342690{margin-top: 0px !important;margin-bottom: 20px !important;}&#8221; el_class=&#8221;font-weight-bold&#8221;][vc_custom_heading text=&#8221;Zimnicu u na\u0161em preduze\u0107u proizvode LjUDI a ne MA\u0160INE. Proizvodi su spoj odli\u010dnog prirodnog potencijala i ljudskih resursa, ukusnog i zdravog vo\u0107a i povr\u0107a ubranog na obroncima Radan planine, i vekovne tradicije doma\u0107ica u proizvodnji zimnice. Na\u0161a sirovina dolazi sa malih parcela, biljke su zalivane vodom iz planinskih potoka, te plodovi zadr\u017eavaju maksimlani kvalitet i prefinjen ukus.&#8221; font_container=&#8221;tag:p|font_size:18|text_align:center|color:%230c121f&#8221; use_theme_fonts=&#8221;yes&#8221; css=&#8221;.vc_custom_1613477421734{margin-top: 0px !important;margin-bottom: 0px !important;}&#8221;][\/vc_column][\/vc_row][\/vc_section][vc_row full_width=&#8221;stretch_row&#8221; gap=&#8221;20&#8243; css=&#8221;.vc_custom_1527928961221{margin-top: 0px !important;margin-bottom: 0px !important;padding-top: 0px !important;padding-bottom: 70px !important;}&#8221;][vc_column width=&#8221;1\/2&#8243; css=&#8221;.vc_custom_1527928508019{margin-top: 0px !important;margin-bottom: 20px !important;padding-top: 0px !important;padding-right: 0px !important;padding-bottom: 0px !important;padding-left: 0px !important;}&#8221;]<div class=\"rt-image-slider element-two owl-carousel\" data-owl-desktop-items=\"1\" data-owl-tab-items=\"1\" data-owl-mobile-items=\"1\"><div class=\"rt-image-slider-item\"><div class=\"holder\"><div class=\"pic\"><img decoding=\"async\" src=\"https:\/\/www.radanskaruza.rs\/wp-content\/uploads\/2021\/02\/slider-1.jpg\" alt=\"slider-1\"><\/div><div class=\"overlay\"><a class=\"zoom-button fancybox\" href=\"https:\/\/www.radanskaruza.rs\/wp-content\/uploads\/2021\/02\/slider-1.jpg\"><\/a><\/div><\/div><\/div><div class=\"rt-image-slider-item\"><div class=\"holder\"><div class=\"pic\"><img decoding=\"async\" src=\"https:\/\/www.radanskaruza.rs\/wp-content\/uploads\/2021\/02\/slider-2.jpg\" alt=\"slider-2\"><\/div><div class=\"overlay\"><a class=\"zoom-button fancybox\" href=\"https:\/\/www.radanskaruza.rs\/wp-content\/uploads\/2021\/02\/slider-2.jpg\"><\/a><\/div><\/div><\/div><\/div>[\/vc_column][vc_column width=&#8221;1\/2&#8243; css=&#8221;.vc_custom_1527830950800{margin-top: 0px !important;margin-bottom: 20px !important;padding-top: 0px !important;padding-bottom: 0px !important;}&#8221;][vc_custom_heading text=&#8221;Ko smo mi?&#8221; font_container=&#8221;tag:h3|font_size:40px|text_align:left|color:%230c121f|line_height:50px&#8221; use_theme_fonts=&#8221;yes&#8221; css=&#8221;.vc_custom_1613477704664{margin-top: 0px !important;margin-bottom: 10px !important;}&#8221; el_class=&#8221;font-weight-bold&#8221;][vc_custom_heading text=&#8221;Proizvodi su spoj odli\u010dnog prirodnog potencijala i ljudskih resursa, ukusnog i zdravog vo\u0107a i povr\u0107a ubranog na obroncima Radan planine, i vekovne tradicije doma\u0107ica u proizvodnji zimnice. Na\u0161a sirovina dolazi sa malih parcela, biljke su zalivane vodom iz planinskih potoka, te plodovi zadr\u017eavaju maksimlani kvalitet i prefinjen ukus.U na\u0161em socijalnom preduze\u0107u rade pre svega \u017eene iz marginalnih grupa. Vo\u0107e I povr\u0107e biraju i prera\u0111uju ru\u010dno, na obi\u010dnim \u0161poretima u malim \u0161erpama, u velikoj zajedni\u010dkoj kuhinji. Po tradiciji I starim receptima, zimnicu proizvode bez konzervanasa i drugih dodataka, pasterizuju i pakuju u staklenoj ambala\u017ei. Svaka teglica prenosi energiju zalaganja, staranja I pa\u017enje koju su \u017eene ugradile kroz svoj rad.&#8221; font_container=&#8221;tag:p|text_align:left|color:%230c121f&#8221; use_theme_fonts=&#8221;yes&#8221; css=&#8221;.vc_custom_1613478160014{margin-top: 0px !important;margin-bottom: 0px !important;padding-bottom: 20px !important;}&#8221;][vc_custom_heading text=&#8221;Socijalno preduze\u0107e Radanska RU\u017dA doo Lebane je osnovano kao neprofitno dru\u0161tvo sa ograni\u010denom odgovorno\u0161\u0107u.Socijalno preduze\u0107e RADANSKA RU\u017dA DOO Lebane, osnovano je realizacijom projekta \u201a\u201aSOCIJALNO PREDUZETNI\u0160TVO ZA SOCIJALNO ODGOVORNO DRU\u0160TVO\u201c.Projekat je finansirala Evropska Unija, Vlada \u0160vajcarske i Vlada Republike Srbije preko programa Evropski PROGRES.&#8221; font_container=&#8221;tag:p|text_align:left|color:%230c121f&#8221; use_theme_fonts=&#8221;yes&#8221; css=&#8221;.vc_custom_1613478040908{margin-top: 0px !important;margin-bottom: 0px !important;}&#8221;][\/vc_column][\/vc_row][vc_row full_width=&#8221;stretch_row&#8221; equal_height=&#8221;yes&#8221; content_placement=&#8221;middle&#8221; css=&#8221;.vc_custom_1613478259729{margin-top: 0px !important;margin-bottom: 0px !important;padding-top: 58px !important;padding-bottom: 40px !important;background-color: #ea0026 !important;}&#8221;][vc_column width=&#8221;2\/3&#8243; css=&#8221;.vc_custom_1613478507710{margin-top: 0px !important;margin-bottom: 18px !important;padding-top: 0px !important;padding-bottom: 0px !important;}&#8221; offset=&#8221;vc_col-lg-8 vc_col-md-8 vc_col-xs-12&#8243;][vc_column_text css=&#8221;.vc_custom_1613478295301{margin-top: 10px !important;margin-bottom: 0px !important;padding-top: 0px !important;padding-bottom: 0px !important;}&#8221;]<\/p>\n<h2 style=\"text-align: center;\"><span style=\"color: #ffffff; font-size: 40px;\">Proizvodi na koje smo ponosni<\/span><\/h2>\n<p>[\/vc_column_text][\/vc_column][vc_column width=&#8221;1\/3&#8243; css=&#8221;.vc_custom_1613478478675{margin-top: 0px !important;margin-bottom: 18px !important;padding-top: 0px !important;padding-bottom: 0px !important;}&#8221; offset=&#8221;vc_col-lg-4 vc_col-md-4 vc_col-xs-12&#8243;]\r<!-- radiantthemes-custom-button -->\r<div class=\"radiantthemes-custom-button hover-style-four rt854326061  \"  data-button-direction=\"center\" data-button-fullwidth=\"false\" ><a style=\" color: #ea0026; line-height: 23px; font-size: 14px;\" class=\"radiantthemes-custom-button-main  vc_custom_1613478422816\" href=\"#\"  title=\"\" target=\"_self\"><div class=\"placeholder\">Posetite online prodavnicu<\/div><\/a><\/div>\r<!-- radiantthemes-custom-button -->\r[\/vc_column][\/vc_row]<\/p>\n","protected":false},"excerpt":{"rendered":"<p>[vc_section full_width=&#8221;stretch_row&#8221; css=&#8221;.vc_custom_1527767850756{margin-top: 0px !important;margin-bottom: 0px !important;padding-top: 90px !important;padding-bottom: 75px !important;}&#8221;][vc_row][vc_column css=&#8221;.vc_custom_1527765435779{margin-top: 0px !important;margin-bottom: 0px !important;}&#8221;][vc_custom_heading text=&#8221;Na\u0161a misija je kvalitet a ne kvantitet&#8221; font_container=&#8221;tag:h3|font_size:40px|text_align:center|color:%230c121f|line_height:50px&#8221; use_theme_fonts=&#8221;yes&#8221; css=&#8221;.vc_custom_1613477342690{margin-top: 0px !important;margin-bottom: 20px !important;}&#8221; el_class=&#8221;font-weight-bold&#8221;][vc_custom_heading text=&#8221;Zimnicu u na\u0161em preduze\u0107u proizvode LjUDI a ne MA\u0160INE. Proizvodi su spoj odli\u010dnog prirodnog potencijala i ljudskih resursa, ukusnog i zdravog vo\u0107a i povr\u0107a [&hellip;]<\/p>\n","protected":false},"author":1,"featured_media":8770,"parent":0,"menu_order":0,"comment_status":"closed","ping_status":"closed","template":"","meta":{"footnotes":""},"class_list":["post-9027","page","type-page","status-publish","has-post-thumbnail","hentry"],"_links":{"self":[{"href":"https:\/\/www.radanskaruza.rs\/en\/wp-json\/wp\/v2\/pages\/9027","targetHints":{"allow":["GET"]}}],"collection":[{"href":"https:\/\/www.radanskaruza.rs\/en\/wp-json\/wp\/v2\/pages"}],"about":[{"href":"https:\/\/www.radanskaruza.rs\/en\/wp-json\/wp\/v2\/types\/page"}],"author":[{"embeddable":true,"href":"https:\/\/www.radanskaruza.rs\/en\/wp-json\/wp\/v2\/users\/1"}],"replies":[{"embeddable":true,"href":"https:\/\/www.radanskaruza.rs\/en\/wp-json\/wp\/v2\/comments?post=9027"}],"version-history":[{"count":2,"href":"https:\/\/www.radanskaruza.rs\/en\/wp-json\/wp\/v2\/pages\/9027\/revisions"}],"predecessor-version":[{"id":9029,"href":"https:\/\/www.radanskaruza.rs\/en\/wp-json\/wp\/v2\/pages\/9027\/revisions\/9029"}],"wp:featuredmedia":[{"embeddable":true,"href":"https:\/\/www.radanskaruza.rs\/en\/wp-json\/wp\/v2\/media\/8770"}],"wp:attachment":[{"href":"https:\/\/www.radanskaruza.rs\/en\/wp-json\/wp\/v2\/media?parent=9027"}],"curies":[{"name":"wp","href":"https:\/\/api.w.org\/{rel}","templated":true}]}}