{"id":8790,"date":"2018-05-10T11:47:29","date_gmt":"2018-05-10T11:47:29","guid":{"rendered":"https:\/\/www.radanskaruza.rs\/proizvod\/ajvar-cepkani-blagi-210g\/"},"modified":"2021-08-20T12:19:04","modified_gmt":"2021-08-20T10:19:04","slug":"ajvar-cepkani-blagi-210g","status":"publish","type":"product","link":"https:\/\/www.radanskaruza.rs\/en\/proizvod\/ajvar-cepkani-blagi-210g\/","title":{"rendered":"Ajvar cepkani blagi \u2013 210g"},"content":{"rendered":"<p>Sastav: pe\u010dena paprika 82,6%, suncokretovo ulje 10,7%, \u0161ecer 2,5%, vinsko sirce2,5%, kuhinjska so 1,6%.<\/p>\n<p>Pasterizovano, bez konzervansa<\/p>\n<p>Na\u010din \u010duvanja: \u010duvati na sobnoj temperaturi, ne izlagati direktnoj sun\u010devoj svetlosti.<\/p>\n<p>Nakon otvaranja \u010duvati u frizideru.<\/p>\n<p>Rok upotrebe: dve godine.<br \/>\nProizvedeno po specifikaciji br. 1\/2015<\/p>\n<p>Proizvodja\u010d: Socijalno preduze\u0107e Radanska RU\u017dA doo Lebane, Nikole Tesle 18.<\/p>\n<p>Zemlja porekla: Srbija<\/p>\n","protected":false},"excerpt":{"rendered":"<p>Najukusniji ajvar na toploj poga\u010di , bez bilo kakvih dodataka&#8230;.ili prilog uz svako jelo kao kruna eksplozije u\u017eitka na sva\u010dijem nepcu&#8230;. Ajvar, pindjur i zeleni ajvar od biranih, so\u010dnih najzdravijih sve\u017eih papaprika , po receptu usmeno prenetih recepata koje su \u017eene, doma\u0107ice sa\u010duvale od zaborava.<\/p>\n<p>Sastav: pe\u010dena paprika 82,6%, suncokretovo ulje 10,7%, \u0161ecer 2,5%, vinsko sirce2,5%, kuhinjska so 1,6%.<\/p>\n","protected":false},"featured_media":8787,"template":"","meta":[],"product_cat":[132],"product_tag":[133],"class_list":["post-8790","product","type-product","status-publish","has-post-thumbnail","hentry","product_cat-ajvari-en","product_tag-ajvar-blagi-en"],"_links":{"self":[{"href":"https:\/\/www.radanskaruza.rs\/en\/wp-json\/wp\/v2\/product\/8790","targetHints":{"allow":["GET"]}}],"collection":[{"href":"https:\/\/www.radanskaruza.rs\/en\/wp-json\/wp\/v2\/product"}],"about":[{"href":"https:\/\/www.radanskaruza.rs\/en\/wp-json\/wp\/v2\/types\/product"}],"wp:featuredmedia":[{"embeddable":true,"href":"https:\/\/www.radanskaruza.rs\/en\/wp-json\/wp\/v2\/media\/8787"}],"wp:attachment":[{"href":"https:\/\/www.radanskaruza.rs\/en\/wp-json\/wp\/v2\/media?parent=8790"}],"wp:term":[{"taxonomy":"product_cat","embeddable":true,"href":"https:\/\/www.radanskaruza.rs\/en\/wp-json\/wp\/v2\/product_cat?post=8790"},{"taxonomy":"product_tag","embeddable":true,"href":"https:\/\/www.radanskaruza.rs\/en\/wp-json\/wp\/v2\/product_tag?post=8790"}],"curies":[{"name":"wp","href":"https:\/\/api.w.org\/{rel}","templated":true}]}}