{"id":8817,"date":"2021-02-25T00:24:05","date_gmt":"2021-02-24T23:24:05","guid":{"rendered":"https:\/\/www.radanskaruza.rs\/proizvod\/ajvar-cepkani-ljuti-720g\/"},"modified":"2025-08-27T11:13:35","modified_gmt":"2025-08-27T09:13:35","slug":"ajvar-cepkani-ljuti-600g","status":"publish","type":"product","link":"https:\/\/www.radanskaruza.rs\/en\/proizvod\/ajvar-cepkani-ljuti-600g\/","title":{"rendered":"Ajvar cepkani ljuti \u2013 600g"},"content":{"rendered":"<p>Sastav: pe\u010dena paprika 78,5%, d\u017einke 4,1%, suncokretovo ulje 10,7%, \u0161ecer 2,5%, vinsko sirce2,5%, kuhinjska so 1,6%.<\/p>\n<p>Pasterizovano, bez konzervansa<\/p>\n<p>Na\u010din \u010duvanja: \u010duvati na sobnoj temperaturi, ne izlagati direktnoj sun\u010devoj svetlosti.<\/p>\n<p>Nakon otvaranja \u010duvati u frizideru.<\/p>\n<p>Rok upotrebe: dve godine.<br \/>\nProizvedeno po specifikaciji br. 2\/2015<\/p>\n<p>Proizvodja\u010d: Socijalno preduze\u0107e Radanska RU\u017dA doo Lebane, Nikole Tesle 18.<\/p>\n<p>Zemlja porekla: Srbija<\/p>\n","protected":false},"excerpt":{"rendered":"<p>Najukusniji ajvar na toploj poga\u010di , bez bilo kakvih dodataka&#8230;.ili prilog uz svako jelo kao kruna eksplozije u\u017eitka na sva\u010dijem nepcu&#8230;. Ajvar, pindjur i zeleni ajvar od biranih, so\u010dnih najzdravijih sve\u017eih papaprika , po receptu usmeno prenetih recepata koje su \u017eene, doma\u0107ice sa\u010duvale od zaborava.<\/p>\n<p>Sastav: pe\u010dena paprika 78,5%, d\u017einke 4,1%, suncokretovo ulje 10,7%, \u0161ecer 2,5%, vinsko sirce2,5%, kuhinjska so 1,6%.<\/p>\n","protected":false},"featured_media":8810,"template":"","meta":[],"product_cat":[132],"product_tag":[137,138],"class_list":["post-8817","product","type-product","status-publish","has-post-thumbnail","hentry","product_cat-ajvari-en","product_tag-ajvar-cepkani-ljuti-en","product_tag-ajvar-ljuti-en"],"_links":{"self":[{"href":"https:\/\/www.radanskaruza.rs\/en\/wp-json\/wp\/v2\/product\/8817","targetHints":{"allow":["GET"]}}],"collection":[{"href":"https:\/\/www.radanskaruza.rs\/en\/wp-json\/wp\/v2\/product"}],"about":[{"href":"https:\/\/www.radanskaruza.rs\/en\/wp-json\/wp\/v2\/types\/product"}],"wp:featuredmedia":[{"embeddable":true,"href":"https:\/\/www.radanskaruza.rs\/en\/wp-json\/wp\/v2\/media\/8810"}],"wp:attachment":[{"href":"https:\/\/www.radanskaruza.rs\/en\/wp-json\/wp\/v2\/media?parent=8817"}],"wp:term":[{"taxonomy":"product_cat","embeddable":true,"href":"https:\/\/www.radanskaruza.rs\/en\/wp-json\/wp\/v2\/product_cat?post=8817"},{"taxonomy":"product_tag","embeddable":true,"href":"https:\/\/www.radanskaruza.rs\/en\/wp-json\/wp\/v2\/product_tag?post=8817"}],"curies":[{"name":"wp","href":"https:\/\/api.w.org\/{rel}","templated":true}]}}