{"id":8819,"date":"2021-02-25T00:29:06","date_gmt":"2021-02-24T23:29:06","guid":{"rendered":"https:\/\/www.radanskaruza.rs\/proizvod\/mackalo-370g\/"},"modified":"2026-01-23T12:10:06","modified_gmt":"2026-01-23T11:10:06","slug":"mackalo-370g","status":"publish","type":"product","link":"https:\/\/www.radanskaruza.rs\/en\/proizvod\/mackalo-370g\/","title":{"rendered":"Mackalo \u2013 370g"},"content":{"rendered":"<p>Sastav: paradajz 80% , ljuta paprika 5 %, suncokretovo ulje 8%, \u0161e\u0107er 4%, kuhinjska so 3%<\/p>\n<p>Pasterizovano, bez konzervansa<br \/>\n\u010cuvati na hladnom, suvom i tamnom mestu.<br \/>\nNakon otvaranja \u010duvati u fri\u017eideru.<br \/>\nUpotrebljivo do oktobra 2018.godine<br \/>\nProizvod proizveden po proizvodnoj specifikaciji 26\/2017<br \/>\nProizvodja\u010d: Socijalno preduze\u0107e Radanska RU\u017dA doo Lebane, Nikole Tesle 18.<\/p>\n<p>Zemlja porekla: Srbija<\/p>\n","protected":false},"excerpt":{"rendered":"<p>Sastav: paradajz 80% , ljuta paprika 5 %, suncokretovo ulje 8%, \u0161e\u0107er 4%, kuhinjska so 3%<\/p>\n","protected":false},"featured_media":8821,"template":"","meta":[],"product_cat":[142],"product_tag":[141],"class_list":["post-8819","product","type-product","status-publish","has-post-thumbnail","hentry","product_cat-prilozi-en","product_tag-mackalo-en"],"_links":{"self":[{"href":"https:\/\/www.radanskaruza.rs\/en\/wp-json\/wp\/v2\/product\/8819","targetHints":{"allow":["GET"]}}],"collection":[{"href":"https:\/\/www.radanskaruza.rs\/en\/wp-json\/wp\/v2\/product"}],"about":[{"href":"https:\/\/www.radanskaruza.rs\/en\/wp-json\/wp\/v2\/types\/product"}],"wp:featuredmedia":[{"embeddable":true,"href":"https:\/\/www.radanskaruza.rs\/en\/wp-json\/wp\/v2\/media\/8821"}],"wp:attachment":[{"href":"https:\/\/www.radanskaruza.rs\/en\/wp-json\/wp\/v2\/media?parent=8819"}],"wp:term":[{"taxonomy":"product_cat","embeddable":true,"href":"https:\/\/www.radanskaruza.rs\/en\/wp-json\/wp\/v2\/product_cat?post=8819"},{"taxonomy":"product_tag","embeddable":true,"href":"https:\/\/www.radanskaruza.rs\/en\/wp-json\/wp\/v2\/product_tag?post=8819"}],"curies":[{"name":"wp","href":"https:\/\/api.w.org\/{rel}","templated":true}]}}