{"id":8827,"date":"2021-02-25T00:41:55","date_gmt":"2021-02-24T23:41:55","guid":{"rendered":"https:\/\/www.radanskaruza.rs\/proizvod\/paradajz-salata-1000ml\/"},"modified":"2026-01-23T12:09:21","modified_gmt":"2026-01-23T11:09:21","slug":"paradajz-salata-075l","status":"publish","type":"product","link":"https:\/\/www.radanskaruza.rs\/en\/proizvod\/paradajz-salata-075l\/","title":{"rendered":"Paradajz salata \u2013 0,75l"},"content":{"rendered":"<p>Sastav: paradajz 93%, \u0161argarepa 2,5%, ljuta paprika 1,4%, per\u0161un 0,5%, so 1,6%, \u0161e\u0107er 0,9%, mleveni biber 0,1%<\/p>\n<p>Pasterizovano, bez konzervansa<br \/>\n\u010cuvati na hladnom, suvom i tamnom mestu.<br \/>\nNakon otvaranja \u010duvati u fri\u017eideru.<br \/>\nRok upotrebe: dve godine.<br \/>\nProizvod proizveden po proizvodnoj specifikaciji 25\/2016<br \/>\nProizvodja\u010d: Socijalno preduze\u0107e Radanska RU\u017dA doo Lebane, Nikole Tesle 18.<\/p>\n<p>Zemlja porekla: Srbija<\/p>\n","protected":false},"excerpt":{"rendered":"<p>Sastav: paradajz 93%, \u0161argarepa 2,5%, ljuta paprika 1,4%, per\u0161un 0,5%, so 1,6%, \u0161e\u0107er 0,9%, mleveni biber 0,1%<\/p>\n","protected":false},"featured_media":8826,"template":"","meta":[],"product_cat":[142],"product_tag":[146,147,148],"class_list":["post-8827","product","type-product","status-publish","has-post-thumbnail","hentry","product_cat-prilozi-en","product_tag-ljuta-paprika-en","product_tag-paradajz-salata-en","product_tag-sargarepa-en"],"_links":{"self":[{"href":"https:\/\/www.radanskaruza.rs\/en\/wp-json\/wp\/v2\/product\/8827","targetHints":{"allow":["GET"]}}],"collection":[{"href":"https:\/\/www.radanskaruza.rs\/en\/wp-json\/wp\/v2\/product"}],"about":[{"href":"https:\/\/www.radanskaruza.rs\/en\/wp-json\/wp\/v2\/types\/product"}],"wp:featuredmedia":[{"embeddable":true,"href":"https:\/\/www.radanskaruza.rs\/en\/wp-json\/wp\/v2\/media\/8826"}],"wp:attachment":[{"href":"https:\/\/www.radanskaruza.rs\/en\/wp-json\/wp\/v2\/media?parent=8827"}],"wp:term":[{"taxonomy":"product_cat","embeddable":true,"href":"https:\/\/www.radanskaruza.rs\/en\/wp-json\/wp\/v2\/product_cat?post=8827"},{"taxonomy":"product_tag","embeddable":true,"href":"https:\/\/www.radanskaruza.rs\/en\/wp-json\/wp\/v2\/product_tag?post=8827"}],"curies":[{"name":"wp","href":"https:\/\/api.w.org\/{rel}","templated":true}]}}