{"id":8979,"date":"2021-02-26T15:20:25","date_gmt":"2021-02-26T14:20:25","guid":{"rendered":"https:\/\/www.radanskaruza.rs\/proizvod\/pindjur-720g\/"},"modified":"2026-01-23T12:08:58","modified_gmt":"2026-01-23T11:08:58","slug":"pindjur-720g","status":"publish","type":"product","link":"https:\/\/www.radanskaruza.rs\/en\/proizvod\/pindjur-720g\/","title":{"rendered":"Pin\u0111ur \u2013 600g"},"content":{"rendered":"<p>Sastav: paprika 70%, \u0160argarepa 14%, suncokretovo ulje 2,7%, vinsko sir\u0107e 4,6% , so 2,7% \u0161e\u0107er 4,1%, biber u zrnu 0,2% , per\u0161un 0,7%, beli luk 1%.<\/p>\n<p>Pasterizovano, bez konzervansa<br \/>\n\u010cuvati na hladnom, suvom i tamnom mestu.<br \/>\nNakon otvaranja \u010duvati u fri\u017eideru.<br \/>\nRok upotrebe: dve godine.<br \/>\nProizvedeno po specifikaciji br. 19\/2015<br \/>\nProizvodja\u010d: Socijalno preduze\u0107e Radanska RU\u017dA doo Lebane, Nikole Tesle 18.<\/p>\n<p>Zemlja porekla: Srbija<\/p>\n","protected":false},"excerpt":{"rendered":"<p>Sastav: paprika 70%, \u0160argarepa 14%, suncokretovo ulje 2,7%, vinsko sir\u0107e 4,6% , so 2,7% \u0161e\u0107er 4,1%, biber u zrnu 0,2% , per\u0161un 0,7%, beli luk 1%.<\/p>\n","protected":false},"featured_media":8976,"template":"","meta":[],"product_cat":[142],"product_tag":[151,155,156,148],"class_list":["post-8979","product","type-product","status-publish","has-post-thumbnail","hentry","product_cat-prilozi-en","product_tag-beli-luk-en","product_tag-paprika-en","product_tag-pindjur-en","product_tag-sargarepa-en"],"_links":{"self":[{"href":"https:\/\/www.radanskaruza.rs\/en\/wp-json\/wp\/v2\/product\/8979","targetHints":{"allow":["GET"]}}],"collection":[{"href":"https:\/\/www.radanskaruza.rs\/en\/wp-json\/wp\/v2\/product"}],"about":[{"href":"https:\/\/www.radanskaruza.rs\/en\/wp-json\/wp\/v2\/types\/product"}],"wp:featuredmedia":[{"embeddable":true,"href":"https:\/\/www.radanskaruza.rs\/en\/wp-json\/wp\/v2\/media\/8976"}],"wp:attachment":[{"href":"https:\/\/www.radanskaruza.rs\/en\/wp-json\/wp\/v2\/media?parent=8979"}],"wp:term":[{"taxonomy":"product_cat","embeddable":true,"href":"https:\/\/www.radanskaruza.rs\/en\/wp-json\/wp\/v2\/product_cat?post=8979"},{"taxonomy":"product_tag","embeddable":true,"href":"https:\/\/www.radanskaruza.rs\/en\/wp-json\/wp\/v2\/product_tag?post=8979"}],"curies":[{"name":"wp","href":"https:\/\/api.w.org\/{rel}","templated":true}]}}