{"id":9076,"date":"2021-02-27T21:05:46","date_gmt":"2021-02-27T20:05:46","guid":{"rendered":"https:\/\/www.radanskaruza.rs\/proizvod\/dzem-od-sipurka-720g\/"},"modified":"2025-01-20T13:34:44","modified_gmt":"2025-01-20T12:34:44","slug":"dzem-od-sipurka-720g","status":"publish","type":"product","link":"https:\/\/www.radanskaruza.rs\/en\/proizvod\/dzem-od-sipurka-720g\/","title":{"rendered":"D\u017eem od \u0161ipurka \u2013 660g"},"content":{"rendered":"<p>Sastav: \u0161ipurak 67%, \u0161e\u0107er 33%<\/p>\n<p>Pasterizovano, bez konzervansa<br \/>\nNa\u010din \u010duvanja: \u010duvati na sobnoj temperaturi, ne izlagati direktnoj sun\u010devoj svetlosti.<br \/>\nNakon otvaranja \u010duvati u frizideru.<br \/>\nRok upotrebe: dve godine.<br \/>\nProizvedeno po specifikaciji br. 11\/2015<\/p>\n<p>Proizvodja\u010d: Socijalno preduze\u0107e Radanska RU\u017dA doo Lebane, Nikole Tesle 18.<\/p>\n<p>Zemlja porekla: Srbija<\/p>\n","protected":false},"excerpt":{"rendered":"<p>Sastav: \u0161ipurak 67%, \u0161e\u0107er 33%<\/p>\n","protected":false},"featured_media":9074,"template":"","meta":[],"product_cat":[160],"product_tag":[173],"class_list":["post-9076","product","type-product","status-publish","has-post-thumbnail","hentry","product_cat-dzemovi-en","product_tag-sipurak-en"],"_links":{"self":[{"href":"https:\/\/www.radanskaruza.rs\/en\/wp-json\/wp\/v2\/product\/9076","targetHints":{"allow":["GET"]}}],"collection":[{"href":"https:\/\/www.radanskaruza.rs\/en\/wp-json\/wp\/v2\/product"}],"about":[{"href":"https:\/\/www.radanskaruza.rs\/en\/wp-json\/wp\/v2\/types\/product"}],"wp:featuredmedia":[{"embeddable":true,"href":"https:\/\/www.radanskaruza.rs\/en\/wp-json\/wp\/v2\/media\/9074"}],"wp:attachment":[{"href":"https:\/\/www.radanskaruza.rs\/en\/wp-json\/wp\/v2\/media?parent=9076"}],"wp:term":[{"taxonomy":"product_cat","embeddable":true,"href":"https:\/\/www.radanskaruza.rs\/en\/wp-json\/wp\/v2\/product_cat?post=9076"},{"taxonomy":"product_tag","embeddable":true,"href":"https:\/\/www.radanskaruza.rs\/en\/wp-json\/wp\/v2\/product_tag?post=9076"}],"curies":[{"name":"wp","href":"https:\/\/api.w.org\/{rel}","templated":true}]}}