{"id":9251,"date":"2021-03-16T21:45:25","date_gmt":"2021-03-16T20:45:25","guid":{"rendered":"https:\/\/www.radanskaruza.rs\/proizvod\/pekmez-od-sljive-pozegace-370g\/"},"modified":"2025-01-20T13:33:49","modified_gmt":"2025-01-20T12:33:49","slug":"pekmez-od-sljive-pozegace-370g","status":"publish","type":"product","link":"https:\/\/www.radanskaruza.rs\/en\/proizvod\/pekmez-od-sljive-pozegace-370g\/","title":{"rendered":"Pekmez od \u0161ljive Po\u017eega\u010de \u2013 400g"},"content":{"rendered":"<p>Sastav: \u0161ljiva Po\u017eega\u010da 91%, \u0161e\u0107er 9%<\/p>\n<p>Pasterizovano, bez konzervansa<\/p>\n<p>\u010cuvati na hladnom, suvom i tamnom mestu.<\/p>\n<p>Nakon otvaranja \u010duvati u fri\u017eideru.<\/p>\n<p>Rok upotrebe: dve godine.<br \/>\nProizvedeno po specifikaciji br. 09\/2015<\/p>\n<p>Proizvodja\u010d: Socijalno preduze\u0107e Radanska RU\u017dA doo Lebane, Nikole Tesle 18.<\/p>\n<p>Zemlja porekla: Srbija<\/p>\n","protected":false},"excerpt":{"rendered":"<p>Red zrelih aromati\u010dnih \u0161ljiva, predivnog ukusa i mirisa, posto \u0161e\u0107erom, pa dobar red \u0161ljiva, i tako do vrha , onda u rernu i dobija se predivan pekmez od pe\u010denih \u0161ljiva, koji u svakom zalogaju budi sva na\u0161a tanana \u010dula i vra\u0107a nas u detinjstvo i se\u0107a na na\u0161e mame i bake\u2026.preto\u010den u na\u0161e tegle i na va\u0161oj trpezi\u2026<\/p>\n<p>Sastav: \u0161ljiva Po\u017eega\u010da 91%, \u0161e\u0107er 9%<\/p>\n","protected":false},"featured_media":9248,"template":"","meta":[],"product_cat":[160],"product_tag":[192,193],"class_list":["post-9251","product","type-product","status-publish","has-post-thumbnail","hentry","product_cat-dzemovi-en","product_tag-pekmez-en","product_tag-sljive-en"],"_links":{"self":[{"href":"https:\/\/www.radanskaruza.rs\/en\/wp-json\/wp\/v2\/product\/9251","targetHints":{"allow":["GET"]}}],"collection":[{"href":"https:\/\/www.radanskaruza.rs\/en\/wp-json\/wp\/v2\/product"}],"about":[{"href":"https:\/\/www.radanskaruza.rs\/en\/wp-json\/wp\/v2\/types\/product"}],"wp:featuredmedia":[{"embeddable":true,"href":"https:\/\/www.radanskaruza.rs\/en\/wp-json\/wp\/v2\/media\/9248"}],"wp:attachment":[{"href":"https:\/\/www.radanskaruza.rs\/en\/wp-json\/wp\/v2\/media?parent=9251"}],"wp:term":[{"taxonomy":"product_cat","embeddable":true,"href":"https:\/\/www.radanskaruza.rs\/en\/wp-json\/wp\/v2\/product_cat?post=9251"},{"taxonomy":"product_tag","embeddable":true,"href":"https:\/\/www.radanskaruza.rs\/en\/wp-json\/wp\/v2\/product_tag?post=9251"}],"curies":[{"name":"wp","href":"https:\/\/api.w.org\/{rel}","templated":true}]}}