{"id":9263,"date":"2021-03-16T22:06:28","date_gmt":"2021-03-16T21:06:28","guid":{"rendered":"https:\/\/www.radanskaruza.rs\/proizvod\/dzem-od-sljive-i-sipurka-720g\/"},"modified":"2025-01-20T13:30:58","modified_gmt":"2025-01-20T12:30:58","slug":"dzem-od-sljive-i-sipurka-720g","status":"publish","type":"product","link":"https:\/\/www.radanskaruza.rs\/en\/proizvod\/dzem-od-sljive-i-sipurka-720g\/","title":{"rendered":"D\u017eem od \u0161ljive i \u0161ipurka \u2013 650g"},"content":{"rendered":"<p style=\"font-weight: 400;\">Sastav: \u0161ljiva 38,5%, \u0161ipurak 38,5%, \u0161e\u0107er 23%<\/p>\n<p style=\"font-weight: 400;\">Pasterizovano, bez konzervansa<\/p>\n<p style=\"font-weight: 400;\">Na\u010din \u010duvanja: \u010duvati na sobnoj temperaturi, ne izlagati\u00a0 direktnoj sun\u010devoj svetlosti.<\/p>\n<p style=\"font-weight: 400;\">Nakon otvaranja \u010duvati u frizideru.<\/p>\n<p style=\"font-weight: 400;\">Rok upotrebe: dve godine.<\/p>\n<p style=\"font-weight: 400;\">Proizvedeno po specifikaciji br. 10\/2015<\/p>\n<p style=\"font-weight: 400;\">Proizvodja\u010d: Socijalno preduze\u0107e Radanska RU\u017dA doo Lebane, Nikole Tesle 18.<\/p>\n<p style=\"font-weight: 400;\">Zemlja porekla: Srbija<\/p>\n","protected":false},"excerpt":{"rendered":"<p>Sastav: \u0161ljiva 38,5%, \u0161ipurak 38,5%, \u0161e\u0107er 23%<\/p>\n","protected":false},"featured_media":9258,"template":"","meta":[],"product_cat":[160],"product_tag":[175,173,193],"class_list":["post-9263","product","type-product","status-publish","has-post-thumbnail","hentry","product_cat-dzemovi-en","product_tag-dzem-en","product_tag-sipurak-en","product_tag-sljive-en"],"_links":{"self":[{"href":"https:\/\/www.radanskaruza.rs\/en\/wp-json\/wp\/v2\/product\/9263","targetHints":{"allow":["GET"]}}],"collection":[{"href":"https:\/\/www.radanskaruza.rs\/en\/wp-json\/wp\/v2\/product"}],"about":[{"href":"https:\/\/www.radanskaruza.rs\/en\/wp-json\/wp\/v2\/types\/product"}],"wp:featuredmedia":[{"embeddable":true,"href":"https:\/\/www.radanskaruza.rs\/en\/wp-json\/wp\/v2\/media\/9258"}],"wp:attachment":[{"href":"https:\/\/www.radanskaruza.rs\/en\/wp-json\/wp\/v2\/media?parent=9263"}],"wp:term":[{"taxonomy":"product_cat","embeddable":true,"href":"https:\/\/www.radanskaruza.rs\/en\/wp-json\/wp\/v2\/product_cat?post=9263"},{"taxonomy":"product_tag","embeddable":true,"href":"https:\/\/www.radanskaruza.rs\/en\/wp-json\/wp\/v2\/product_tag?post=9263"}],"curies":[{"name":"wp","href":"https:\/\/api.w.org\/{rel}","templated":true}]}}